{"id":2673,"date":"2021-02-18T16:03:33","date_gmt":"2021-02-18T14:03:33","guid":{"rendered":"https:\/\/www.montebre.ch\/la-funicolare\/"},"modified":"2025-02-06T11:13:28","modified_gmt":"2025-02-06T09:13:28","slug":"standseilbahn","status":"publish","type":"page","link":"https:\/\/www.montebre.ch\/de\/standseilbahn\/","title":{"rendered":"Standseilbahn"},"content":{"rendered":"<p><div class=\"fusion-fullwidth fullwidth-box fusion-builder-row-1 fusion-flex-container nonhundred-percent-fullwidth non-hundred-percent-height-scrolling\" style=\"--awb-border-radius-top-left:0px;--awb-border-radius-top-right:0px;--awb-border-radius-bottom-right:0px;--awb-border-radius-bottom-left:0px;--awb-padding-right:0px;--awb-padding-left:0px;--awb-margin-bottom:70px;--awb-flex-wrap:wrap;\" ><div class=\"fusion-builder-row fusion-row fusion-flex-align-items-stretch fusion-flex-content-wrap\" style=\"max-width:1248px;margin-left: calc(-4% \/ 2 );margin-right: calc(-4% \/ 2 );\"><div class=\"fusion-layout-column fusion_builder_column fusion-builder-column-0 fusion_builder_column_3_5 3_5 fusion-flex-column\" style=\"--awb-padding-right:50px;--awb-bg-size:cover;--awb-width-large:60%;--awb-margin-top-large:0px;--awb-spacing-right-large:3.2%;--awb-margin-bottom-large:50px;--awb-spacing-left-large:3.2%;--awb-width-medium:60%;--awb-order-medium:0;--awb-spacing-right-medium:3.2%;--awb-spacing-left-medium:3.2%;--awb-width-small:100%;--awb-order-small:0;--awb-spacing-right-small:1.92%;--awb-spacing-left-small:1.92%;\"><div class=\"fusion-column-wrapper fusion-column-has-shadow fusion-flex-justify-content-flex-start fusion-content-layout-column\"><div class=\"fusion-title title fusion-title-1 fusion-sep-none fusion-title-text fusion-title-size-one\" style=\"--awb-text-color:#45152a;--awb-margin-top:-20px;--awb-margin-bottom:20px;--awb-margin-top-small:10px;--awb-margin-right-small:0px;--awb-margin-bottom-small:10px;--awb-margin-left-small:0px;--awb-font-size:60px;\"><h1 class=\"fusion-title-heading title-heading-left fusion-responsive-typography-calculated\" style=\"margin:0;font-size:1em;--fontSize:60;line-height:1;\">Die Standseilbahn<\/h1><\/div><div class=\"fusion-text fusion-text-1\" style=\"--awb-content-alignment:left;--awb-font-size:17px;--awb-letter-spacing:2px;--awb-text-color:#45152a;\"><p>ERLEBNISSE AM MONTE BR\u00c8<\/p>\n<\/div><div class=\"fusion-text fusion-text-2\" style=\"--awb-text-transform:none;\"><p>Seit 1908 geh\u00f6rt die Standseilbahn Monte Br\u00e8 zur Geschichte von Lugano. \u00dcber die 1599\u00a0m lange Bahnstrecke erreichen Sie den Gipfel des Monte Br\u00e8 (933\u00a0m \u00fc.\u00a0M.) in weniger als 10\u00a0Minuten.<\/p>\n<p>Der als sonnigster Berg der Schweiz ber\u00fchmte Monte Br\u00e8 besticht durch atemberaubende Aussichten auf den See und die umliegenden Berge. Ein perfektes Ziel, um der Stadt aufs Angenehmste zu entkommen.<\/p>\n<p>Haben Sie mit der Standseilbahn den Gipfel des Monte Br\u00e8 erreicht, lassen sich von dort aus zahlreichen Ausfl\u00fcgen unternehmen. Wanderungen, Mountainbike-Touren, Spazierg\u00e4nge in unber\u00fchrter Natur, oder Sie erkunden den Ortskern von Br\u00e8 mit seinen Kunstwerken. Die Touren bieten auch ideale Gelegenheiten f\u00fcr ein Picknick oder den Besuch eines der Restaurants mit typischen Spezialit\u00e4ten der Region.<\/p>\n<p>Wann brechen Sie auf?<\/p>\n<\/div><div ><a class=\"fusion-button button-flat fusion-button-default-size button-default fusion-button-default button-1 fusion-button-default-span fusion-button-default-type\" target=\"_self\" href=\"\/de\/preise-fahrplan\/\"><i class=\"fa-ticket-alt fas awb-button__icon awb-button__icon--default button-icon-left\" aria-hidden=\"true\"><\/i><span class=\"fusion-button-text awb-button__text awb-button__text--default\">PREISE &amp; FAHRPLAN<\/span><\/a><\/div><\/div><\/div><\/div><\/div><div class=\"fusion-fullwidth fullwidth-box fusion-builder-row-2 fusion-flex-container nonhundred-percent-fullwidth non-hundred-percent-height-scrolling\" style=\"--awb-border-radius-top-left:0px;--awb-border-radius-top-right:0px;--awb-border-radius-bottom-right:0px;--awb-border-radius-bottom-left:0px;--awb-padding-right:0px;--awb-padding-left:0px;--awb-margin-bottom:70px;--awb-flex-wrap:wrap;\" ><div class=\"fusion-builder-row fusion-row fusion-flex-align-items-stretch fusion-flex-content-wrap\" style=\"max-width:1248px;margin-left: calc(-4% \/ 2 );margin-right: calc(-4% \/ 2 );\"><div class=\"fusion-layout-column fusion_builder_column fusion-builder-column-1 fusion_builder_column_3_5 3_5 fusion-flex-column\" style=\"--awb-padding-top:20px;--awb-padding-right:20px;--awb-padding-bottom:20px;--awb-padding-left:20px;--awb-bg-color:#f4f4f4;--awb-bg-color-hover:#f4f4f4;--awb-bg-size:cover;--awb-border-color:#8b393f;--awb-border-top:20px;--awb-border-style:solid;--awb-width-large:60%;--awb-margin-top-large:0px;--awb-spacing-right-large:6.4%;--awb-margin-bottom-large:20px;--awb-spacing-left-large:3.2%;--awb-width-medium:60%;--awb-order-medium:0;--awb-spacing-right-medium:6.4%;--awb-spacing-left-medium:3.2%;--awb-width-small:100%;--awb-order-small:0;--awb-spacing-right-small:1.92%;--awb-spacing-left-small:1.92%;\"><div class=\"fusion-column-wrapper fusion-column-has-shadow fusion-flex-justify-content-flex-start fusion-content-layout-column\"><div class=\"fusion-text fusion-text-3\" style=\"--awb-content-alignment:left;--awb-font-size:17px;--awb-letter-spacing:2px;--awb-text-color:#45152a;\"><p>TECHNISCHE ANGABEN<\/p>\n<\/div><div class=\"fusion-text fusion-text-4\"><table width=\"100%\" cellpadding=\"10\">\n<tbody>\n<tr>\n<td><strong><em>Strecke<\/em><\/strong><\/td>\n<td><em><strong>Sektion 1<\/strong><\/em><\/td>\n<td><em><strong>Sektion 2<\/strong><\/em><\/td>\n<\/tr>\n<tr>\n<td>Streckenl\u00e4nge<\/td>\n<td>196 m<\/td>\n<td>1403 m<\/td>\n<\/tr>\n<tr>\n<td>Maximale Steigung<\/td>\n<td>60%<\/td>\n<td>47.5%<\/td>\n<\/tr>\n<tr>\n<td>Spurweite<\/td>\n<td>1 m<\/td>\n<td>1 m<\/td>\n<\/tr>\n<tr>\n<td>H\u00f6he Talstation<\/td>\n<td>282 m<\/td>\n<td>395 m<\/td>\n<\/tr>\n<tr>\n<td>H\u00f6he Bergstation<\/td>\n<td>380 m<\/td>\n<td>915 m<\/td>\n<\/tr>\n<tr>\n<td>H\u00f6henunterschied<\/td>\n<td>102 m<\/td>\n<td>520 m<\/td>\n<\/tr>\n<tr>\n<td>Fahrgeschwindigkeit<\/td>\n<td>2 m\/Sek.<\/td>\n<td>3 m\/Sek.<\/td>\n<\/tr>\n<tr>\n<td>Fahrdauer<\/td>\n<td>4 Minuten<\/td>\n<td>10 Minuten<\/td>\n<\/tr>\n<tr>\n<td>Maximales Fassungsverm\u00f6gen<\/td>\n<td>25 Personen<\/td>\n<td>70 Personen<\/td>\n<\/tr>\n<\/tbody>\n<\/table>\n<\/div><div class=\"fusion-separator fusion-full-width-sep\" style=\"align-self: center;margin-left: auto;margin-right: auto;margin-top:30px;width:100%;\"><\/div><div class=\"fusion-text fusion-text-5\"><p><strong>Sektion 1: Lugano &#8211; Cassarate &lt;&gt; Suvigliana<\/strong><br \/>\n<strong>Sektion 2: Suvigliana &lt;&gt; Monte Br\u00e9<br \/>\n<\/strong><\/p>\n<\/div><\/div><\/div><\/div><\/div><\/p>\n","protected":false},"excerpt":{"rendered":"","protected":false},"author":1,"featured_media":9629,"parent":0,"menu_order":0,"comment_status":"closed","ping_status":"closed","template":"","meta":{"footnotes":""},"class_list":["post-2673","page","type-page","status-publish","has-post-thumbnail","hentry"],"_links":{"self":[{"href":"https:\/\/www.montebre.ch\/de\/wp-json\/wp\/v2\/pages\/2673","targetHints":{"allow":["GET"]}}],"collection":[{"href":"https:\/\/www.montebre.ch\/de\/wp-json\/wp\/v2\/pages"}],"about":[{"href":"https:\/\/www.montebre.ch\/de\/wp-json\/wp\/v2\/types\/page"}],"author":[{"embeddable":true,"href":"https:\/\/www.montebre.ch\/de\/wp-json\/wp\/v2\/users\/1"}],"replies":[{"embeddable":true,"href":"https:\/\/www.montebre.ch\/de\/wp-json\/wp\/v2\/comments?post=2673"}],"version-history":[{"count":14,"href":"https:\/\/www.montebre.ch\/de\/wp-json\/wp\/v2\/pages\/2673\/revisions"}],"predecessor-version":[{"id":9660,"href":"https:\/\/www.montebre.ch\/de\/wp-json\/wp\/v2\/pages\/2673\/revisions\/9660"}],"wp:featuredmedia":[{"embeddable":true,"href":"https:\/\/www.montebre.ch\/de\/wp-json\/wp\/v2\/media\/9629"}],"wp:attachment":[{"href":"https:\/\/www.montebre.ch\/de\/wp-json\/wp\/v2\/media?parent=2673"}],"curies":[{"name":"wp","href":"https:\/\/api.w.org\/{rel}","templated":true}]}}