{"id":2613,"date":"2021-02-18T15:24:13","date_gmt":"2021-02-18T13:24:13","guid":{"rendered":"https:\/\/www.montebre.ch\/ristorazione\/"},"modified":"2025-12-19T09:50:36","modified_gmt":"2025-12-19T08:50:36","slug":"restauration","status":"publish","type":"page","link":"https:\/\/www.montebre.ch\/fr\/restauration\/","title":{"rendered":"Restauration"},"content":{"rendered":"<blockquote><div class=\"fusion-fullwidth fullwidth-box fusion-builder-row-1 fusion-flex-container nonhundred-percent-fullwidth non-hundred-percent-height-scrolling\" style=\"--awb-border-radius-top-left:0px;--awb-border-radius-top-right:0px;--awb-border-radius-bottom-right:0px;--awb-border-radius-bottom-left:0px;--awb-padding-right:0px;--awb-padding-left:0px;--awb-margin-bottom:70px;--awb-flex-wrap:wrap;\" ><div class=\"fusion-builder-row fusion-row fusion-flex-align-items-flex-start fusion-flex-content-wrap\" style=\"max-width:1248px;margin-left: calc(-4% \/ 2 );margin-right: calc(-4% \/ 2 );\"><div class=\"fusion-layout-column fusion_builder_column fusion-builder-column-0 fusion_builder_column_1_1 1_1 fusion-flex-column\" style=\"--awb-bg-size:cover;--awb-width-large:100%;--awb-margin-top-large:0px;--awb-spacing-right-large:1.92%;--awb-margin-bottom-large:30px;--awb-spacing-left-large:1.92%;--awb-width-medium:100%;--awb-order-medium:0;--awb-spacing-right-medium:1.92%;--awb-spacing-left-medium:1.92%;--awb-width-small:100%;--awb-order-small:0;--awb-spacing-right-small:1.92%;--awb-spacing-left-small:1.92%;\"><div class=\"fusion-column-wrapper fusion-column-has-shadow fusion-flex-justify-content-flex-start fusion-content-layout-column\"><div class=\"fusion-title title fusion-title-1 fusion-sep-none fusion-title-text fusion-title-size-one\" style=\"--awb-text-color:#212934;--awb-margin-top:-20px;--awb-margin-bottom:20px;--awb-margin-top-small:10px;--awb-margin-right-small:0px;--awb-margin-bottom-small:10px;--awb-margin-left-small:0px;--awb-font-size:60px;\"><h1 class=\"fusion-title-heading title-heading-left fusion-responsive-typography-calculated\" style=\"margin:0;font-size:1em;--fontSize:60;line-height:1;\"><\/blockquote>\n<p>Comment se restaurer<\/p><\/h1><\/div><div class=\"fusion-text fusion-text-1\" style=\"--awb-content-alignment:left;--awb-font-size:17px;--awb-letter-spacing:2px;--awb-text-color:#212934;\"><p>DECOUVREZ LES PLATS TYPIQUES DE LA CUISINE TESSINOISE AU SOMMET DU MONTE BRE<\/p>\n<\/div><div class=\"fusion-text fusion-text-2\"><p>Les restaurants pr\u00e9sents au sommet du Monte Br\u00e8 offrent aux visiteurs une agr\u00e9able pause, face au panorama. Les diff\u00e9rents menus, avec des recettes typiques de la cuisine tessinoise, sont le choix gastronomique id\u00e9al pour reprendre des forces apr\u00e8s une excursion ou tout simplement pour profiter de la montagne \u00e0 360\u00b0.<\/p>\n<p>A l\u2019entr\u00e9e du village de Br\u00e8, vous pourrez \u00e9galement faire une halte gastronomique au <a href=\"http:\/\/www.salottobre.ch\/\" target=\"_blank\" rel=\"noopener\"><strong>Salotto Br\u00e8<\/strong><\/a> et au <strong><a href=\"https:\/\/www.grottocastagneto.ch\/\" target=\"_blank\" rel=\"noopener\">Grotto Castagneto<\/a><\/strong><em>.<\/em><\/p>\n<\/div><\/div><\/div><div class=\"fusion-layout-column fusion_builder_column fusion-builder-column-1 fusion_builder_column_1_1 1_1 fusion-flex-column\" style=\"--awb-bg-size:cover;--awb-width-large:100%;--awb-margin-top-large:0px;--awb-spacing-right-large:1.92%;--awb-margin-bottom-large:10px;--awb-spacing-left-large:1.92%;--awb-width-medium:100%;--awb-order-medium:0;--awb-spacing-right-medium:1.92%;--awb-spacing-left-medium:1.92%;--awb-width-small:100%;--awb-order-small:0;--awb-spacing-right-small:1.92%;--awb-spacing-left-small:1.92%;\"><div class=\"fusion-column-wrapper fusion-column-has-shadow fusion-flex-justify-content-flex-start fusion-content-layout-column\"><div class=\"fusion-text fusion-text-3\" style=\"--awb-content-alignment:left;--awb-font-size:17px;--awb-letter-spacing:2px;--awb-text-color:#212934;\"><p>TARIFS RESTAURATION ET FUNICULAIRE<\/p>\n<\/div><\/div><\/div><div class=\"fusion-layout-column fusion_builder_column fusion-builder-column-2 fusion_builder_column_1_2 1_2 fusion-flex-column\" style=\"--awb-bg-size:cover;--awb-width-large:50%;--awb-margin-top-large:0px;--awb-spacing-right-large:3.84%;--awb-margin-bottom-large:30px;--awb-spacing-left-large:3.84%;--awb-width-medium:50%;--awb-order-medium:0;--awb-spacing-right-medium:3.84%;--awb-spacing-left-medium:3.84%;--awb-width-small:100%;--awb-order-small:0;--awb-spacing-right-small:1.92%;--awb-spacing-left-small:1.92%;\"><div class=\"fusion-column-wrapper fusion-column-has-shadow fusion-flex-justify-content-flex-start fusion-content-layout-column\">\n<div class=\"table-2\">\n<table width=\"100%\">\n<thead>\n<tr>\n<th align=\"left\">TARIFS<\/th>\n<th align=\"left\">Osteria<br \/>\nFunicolare*<\/th>\n<th align=\"left\">Ristorante<br \/>\nVetta*<\/th>\n<\/tr>\n<\/thead>\n<tbody>\n<tr>\n<td align=\"left\">Adultes<br \/>\n(16+ ans)<\/td>\n<td align=\"left\">CHF 35.00<\/td>\n<td align=\"left\">CHF 35.00<\/td>\n<\/tr>\n<tr>\n<td align=\"left\">Jeunes<br \/>\n(6-15 ans)<\/td>\n<td align=\"left\">CHF 29.00<\/td>\n<td align=\"left\">CHF 29.00<\/td>\n<\/tr>\n<\/tbody>\n<\/table>\n<\/div>\n<\/div><\/div><div class=\"fusion-layout-column fusion_builder_column fusion-builder-column-3 fusion_builder_column_1_2 1_2 fusion-flex-column\" style=\"--awb-bg-size:cover;--awb-width-large:50%;--awb-margin-top-large:0px;--awb-spacing-right-large:3.84%;--awb-margin-bottom-large:30px;--awb-spacing-left-large:3.84%;--awb-width-medium:50%;--awb-order-medium:0;--awb-spacing-right-medium:3.84%;--awb-spacing-left-medium:3.84%;--awb-width-small:100%;--awb-order-small:0;--awb-spacing-right-small:1.92%;--awb-spacing-left-small:1.92%;\"><div class=\"fusion-column-wrapper fusion-column-has-shadow fusion-flex-justify-content-flex-start fusion-content-layout-column\"><div class=\"fusion-text fusion-text-4\" style=\"--awb-text-transform:none;\"><p>Billet Aller\/Retour Funiculaire Monte Br\u00e8 inclus<\/p>\n<p>*r\u00e9duction sur le menu<\/p>\n<p><b><em>L&#8217;Osteria Funicolare est ouverte tous les jours pendant les heures d&#8217;ouverture du funiculaire.<\/em><\/b><\/p>\n<p><em><strong>Le restaurant Vetta est ferm\u00e9 en hiver.<br \/>\n<\/strong><\/em>Visitez le site web du Restaurant,\u00a0 pour autres informations.<\/p>\n<\/div><\/div><\/div><div class=\"fusion-layout-column fusion_builder_column fusion-builder-column-4 fusion_builder_column_1_2 1_2 fusion-flex-column\" style=\"--awb-bg-size:cover;--awb-width-large:50%;--awb-margin-top-large:50px;--awb-spacing-right-large:3.84%;--awb-margin-bottom-large:20px;--awb-spacing-left-large:3.84%;--awb-width-medium:50%;--awb-order-medium:0;--awb-spacing-right-medium:3.84%;--awb-spacing-left-medium:3.84%;--awb-width-small:100%;--awb-order-small:0;--awb-spacing-right-small:1.92%;--awb-spacing-left-small:1.92%;\"><div class=\"fusion-column-wrapper fusion-column-has-shadow fusion-flex-justify-content-flex-start fusion-content-layout-column\"><div class=\"fusion-text fusion-text-5\" style=\"--awb-content-alignment:left;--awb-font-size:17px;--awb-letter-spacing:2px;--awb-text-color:#212934;\"><p>RESTAURANTS<\/p>\n<\/div><div class=\"fusion-blog-shortcode fusion-blog-shortcode-1 fusion-blog-archive fusion-blog-layout-grid-wrapper fusion-blog-pagination\"><style type=\"text\/css\">.fusion-blog-shortcode-1 .fusion-blog-layout-grid .fusion-post-grid{padding:20px;}.fusion-blog-shortcode-1 .fusion-posts-container{margin-left: -20px !important; margin-right:-20px !important;}<\/style><div class=\"fusion-posts-container fusion-posts-container-pagination fusion-no-meta-info fusion-blog-rollover fusion-blog-layout-grid fusion-blog-layout-grid-2 isotope fusion-blog-equal-heights\" data-pages=\"1\" data-grid-col-space=\"40\" style=\"margin: -20px -20px 0;min-height:500px;\"><article id=\"blog-1-post-2776\" class=\"fusion-post-grid post-2776 post type-post status-publish format-standard has-post-thumbnail hentry category-news-fr category-restauration\">\n<div class=\"fusion-post-wrapper\" style=\"background-color:rgba(247,247,247,1);border:none;\">\n\n\t\t\t<div class=\"fusion-flexslider flexslider fusion-flexslider-loading fusion-post-slideshow\" style=\"border-color:rgba(242,243,245,0);\">\n\t\t<ul class=\"slides\">\n\t\t\t\n\t\t\t\t\t\t\t\t\t\t\t\t\t\t<li><div  class=\"fusion-image-wrapper\" aria-haspopup=\"true\">\n\t\t\t\t<img decoding=\"async\" width=\"1024\" height=\"683\" src=\"https:\/\/www.montebre.ch\/wp-content\/uploads\/2021\/05\/vetta-1.jpg\" class=\"attachment-full size-full lazyload wp-post-image\" alt=\"\" srcset=\"data:image\/svg+xml,%3Csvg%20xmlns%3D%27http%3A%2F%2Fwww.w3.org%2F2000%2Fsvg%27%20width%3D%271024%27%20height%3D%27683%27%20viewBox%3D%270%200%201024%20683%27%3E%3Crect%20width%3D%271024%27%20height%3D%27683%27%20fill-opacity%3D%220%22%2F%3E%3C%2Fsvg%3E\" data-orig-src=\"https:\/\/www.montebre.ch\/wp-content\/uploads\/2021\/05\/vetta-1.jpg\" data-srcset=\"https:\/\/www.montebre.ch\/wp-content\/uploads\/2021\/05\/vetta-1-200x133.jpg 200w, https:\/\/www.montebre.ch\/wp-content\/uploads\/2021\/05\/vetta-1-400x267.jpg 400w, https:\/\/www.montebre.ch\/wp-content\/uploads\/2021\/05\/vetta-1-600x400.jpg 600w, https:\/\/www.montebre.ch\/wp-content\/uploads\/2021\/05\/vetta-1-800x534.jpg 800w, https:\/\/www.montebre.ch\/wp-content\/uploads\/2021\/05\/vetta-1.jpg 1024w\" data-sizes=\"auto\" \/><div class=\"fusion-rollover\">\n\t<div class=\"fusion-rollover-content\">\n\n\t\t\t\t\t\t\t\t\t\t\t\t\t\t<a class=\"fusion-rollover-link\" href=\"https:\/\/www.montebre.ch\/fr\/ristorante-vetta\/\">Ristorante Vetta<\/a>\n\t\t\t\n\t\t\t\t\t\t\t\t\n\t\t\n\t\t\t\t\t\t\t\t\n\t\t\t\t\t\t\t\t\n\t\t\n\t\t\t\t\t\t<a class=\"fusion-link-wrapper\" href=\"https:\/\/www.montebre.ch\/fr\/ristorante-vetta\/\" aria-label=\"Ristorante Vetta\"><\/a>\n\t<\/div>\n<\/div>\n<\/div>\n<\/li>\n\t\t\t\n\t\t\t\n\t\t\t\t\t\t\t\t\t\t\t\t\t\t\t\t\t\t\t\t\t\t\t\t\t\t\t\t\t\t\t\t\t\t\t\t\t\t\t\t\t\t\t\t\t\t\t\t\t\t\t\t\t\t\t\t\t\t\t\t\t\t\t\t\t\t\t\t<\/ul>\n\t<\/div>\n\t<div class=\"fusion-post-content-wrapper\" style=\"padding: 25px ;\"><div class=\"fusion-post-content post-content\"><h2 class=\"blog-shortcode-post-title entry-title\"><a href=\"https:\/\/www.montebre.ch\/fr\/ristorante-vetta\/\">Ristorante Vetta<\/a><\/h2><\/div><\/div><div class=\"fusion-clearfix\"><\/div><\/div>\n<\/article>\n<article id=\"blog-1-post-2784\" class=\"fusion-post-grid post-2784 post type-post status-publish format-standard has-post-thumbnail hentry category-restauration\">\n<div class=\"fusion-post-wrapper\" style=\"background-color:rgba(247,247,247,1);border:none;\">\n\n\t\t\t<div class=\"fusion-flexslider flexslider fusion-flexslider-loading fusion-post-slideshow\" style=\"border-color:rgba(242,243,245,0);\">\n\t\t<ul class=\"slides\">\n\t\t\t\n\t\t\t\t\t\t\t\t\t\t\t\t\t\t<li><div  class=\"fusion-image-wrapper\" aria-haspopup=\"true\">\n\t\t\t\t<img decoding=\"async\" width=\"2560\" height=\"1440\" src=\"https:\/\/www.montebre.ch\/wp-content\/uploads\/2020\/11\/20230424_150012.jpg\" class=\"attachment-full size-full lazyload wp-post-image\" alt=\"\" srcset=\"data:image\/svg+xml,%3Csvg%20xmlns%3D%27http%3A%2F%2Fwww.w3.org%2F2000%2Fsvg%27%20width%3D%272560%27%20height%3D%271440%27%20viewBox%3D%270%200%202560%201440%27%3E%3Crect%20width%3D%272560%27%20height%3D%271440%27%20fill-opacity%3D%220%22%2F%3E%3C%2Fsvg%3E\" data-orig-src=\"https:\/\/www.montebre.ch\/wp-content\/uploads\/2020\/11\/20230424_150012.jpg\" data-srcset=\"https:\/\/www.montebre.ch\/wp-content\/uploads\/2020\/11\/20230424_150012-200x113.jpg 200w, https:\/\/www.montebre.ch\/wp-content\/uploads\/2020\/11\/20230424_150012-400x225.jpg 400w, https:\/\/www.montebre.ch\/wp-content\/uploads\/2020\/11\/20230424_150012-600x338.jpg 600w, https:\/\/www.montebre.ch\/wp-content\/uploads\/2020\/11\/20230424_150012-800x450.jpg 800w, https:\/\/www.montebre.ch\/wp-content\/uploads\/2020\/11\/20230424_150012-1200x675.jpg 1200w, https:\/\/www.montebre.ch\/wp-content\/uploads\/2020\/11\/20230424_150012.jpg 2560w\" data-sizes=\"auto\" \/><div class=\"fusion-rollover\">\n\t<div class=\"fusion-rollover-content\">\n\n\t\t\t\t\t\t\t\t\t\t\t\t\t\t<a class=\"fusion-rollover-link\" href=\"https:\/\/www.montebre.ch\/fr\/osteria-funicolare\/\">Osteria Funicolare<\/a>\n\t\t\t\n\t\t\t\t\t\t\t\t\n\t\t\n\t\t\t\t\t\t\t\t\n\t\t\t\t\t\t\t\t\n\t\t\n\t\t\t\t\t\t<a class=\"fusion-link-wrapper\" href=\"https:\/\/www.montebre.ch\/fr\/osteria-funicolare\/\" aria-label=\"Osteria Funicolare\"><\/a>\n\t<\/div>\n<\/div>\n<\/div>\n<\/li>\n\t\t\t\n\t\t\t\n\t\t\t\t\t\t\t\t\t\t\t\t\t\t\t\t\t\t\t\t\t\t\t\t\t\t\t\t\t\t\t\t\t\t\t\t\t\t\t\t\t\t\t\t\t\t\t\t\t\t\t\t\t\t\t\t\t\t\t\t\t\t\t\t\t\t\t\t<\/ul>\n\t<\/div>\n\t<div class=\"fusion-post-content-wrapper\" style=\"padding: 25px ;\"><div class=\"fusion-post-content post-content\"><h2 class=\"blog-shortcode-post-title entry-title\"><a href=\"https:\/\/www.montebre.ch\/fr\/osteria-funicolare\/\">Osteria Funicolare<\/a><\/h2><\/div><\/div><div class=\"fusion-clearfix\"><\/div><\/div>\n<\/article>\n<div class=\"fusion-clearfix\"><\/div><\/div><\/div><\/div><\/div><div class=\"fusion-layout-column fusion_builder_column fusion-builder-column-5 fusion_builder_column_1_2 1_2 fusion-flex-column\" style=\"--awb-bg-size:cover;--awb-width-large:50%;--awb-margin-top-large:50px;--awb-spacing-right-large:3.84%;--awb-margin-bottom-large:20px;--awb-spacing-left-large:3.84%;--awb-width-medium:50%;--awb-order-medium:0;--awb-spacing-right-medium:3.84%;--awb-spacing-left-medium:3.84%;--awb-width-small:100%;--awb-order-small:0;--awb-spacing-right-small:1.92%;--awb-spacing-left-small:1.92%;\"><div class=\"fusion-column-wrapper fusion-column-has-shadow fusion-flex-justify-content-flex-start fusion-content-layout-column\"><div class=\"fusion-text fusion-text-6\" style=\"--awb-content-alignment:left;--awb-font-size:17px;--awb-letter-spacing:2px;--awb-text-color:#212934;\"><p>D\u00c9COUVREZ AUSSI&#8230;<\/p>\n<\/div><div style=\"text-align:left;\"><a class=\"fusion-button button-flat button-medium button-custom fusion-button-default button-1 fusion-button-default-span fusion-button-default-type\" style=\"--button_accent_color:#ffffff;--button_accent_hover_color:#ffffff;--button_border_hover_color:#ffffff;--button_gradient_top_color:#8b393f;--button_gradient_bottom_color:#8b393f;--button_gradient_top_color_hover:rgba(139,57,63,0.8);--button_gradient_bottom_color_hover:rgba(139,57,63,0.8);\" target=\"_blank\" rel=\"noopener noreferrer\" href=\"http:\/\/salottobre.ch\/osteria\/\"><i class=\"fa-utensils fas awb-button__icon awb-button__icon--default button-icon-left\" aria-hidden=\"true\"><\/i><span class=\"fusion-button-text awb-button__text awb-button__text--default\">Osteria Salotto Br\u00e8<\/span><\/a><\/div><div class=\"fusion-separator fusion-full-width-sep\" style=\"align-self: center;margin-left: auto;margin-right: auto;margin-top:10px;width:100%;\"><\/div><div style=\"text-align:left;\"><a class=\"fusion-button button-flat button-medium button-custom fusion-button-default button-2 fusion-button-default-span fusion-button-default-type\" style=\"--button_accent_color:#ffffff;--button_accent_hover_color:#ffffff;--button_border_hover_color:#ffffff;--button_gradient_top_color:#8b393f;--button_gradient_bottom_color:#8b393f;--button_gradient_top_color_hover:rgba(139,57,63,0.8);--button_gradient_bottom_color_hover:rgba(139,57,63,0.8);\" target=\"_blank\" rel=\"noopener noreferrer\" href=\"https:\/\/www.grottocastagneto.ch\/\"><i class=\"fa-utensils fas awb-button__icon awb-button__icon--default button-icon-left\" aria-hidden=\"true\"><\/i><span class=\"fusion-button-text awb-button__text awb-button__text--default\">Grotto Castagneto<\/span><\/a><\/div><\/div><\/div><\/div><\/div>\n","protected":false},"excerpt":{"rendered":"","protected":false},"author":1,"featured_media":7579,"parent":0,"menu_order":0,"comment_status":"closed","ping_status":"closed","template":"","meta":{"footnotes":""},"class_list":["post-2613","page","type-page","status-publish","has-post-thumbnail","hentry"],"_links":{"self":[{"href":"https:\/\/www.montebre.ch\/fr\/wp-json\/wp\/v2\/pages\/2613","targetHints":{"allow":["GET"]}}],"collection":[{"href":"https:\/\/www.montebre.ch\/fr\/wp-json\/wp\/v2\/pages"}],"about":[{"href":"https:\/\/www.montebre.ch\/fr\/wp-json\/wp\/v2\/types\/page"}],"author":[{"embeddable":true,"href":"https:\/\/www.montebre.ch\/fr\/wp-json\/wp\/v2\/users\/1"}],"replies":[{"embeddable":true,"href":"https:\/\/www.montebre.ch\/fr\/wp-json\/wp\/v2\/comments?post=2613"}],"version-history":[{"count":19,"href":"https:\/\/www.montebre.ch\/fr\/wp-json\/wp\/v2\/pages\/2613\/revisions"}],"predecessor-version":[{"id":10703,"href":"https:\/\/www.montebre.ch\/fr\/wp-json\/wp\/v2\/pages\/2613\/revisions\/10703"}],"wp:featuredmedia":[{"embeddable":true,"href":"https:\/\/www.montebre.ch\/fr\/wp-json\/wp\/v2\/media\/7579"}],"wp:attachment":[{"href":"https:\/\/www.montebre.ch\/fr\/wp-json\/wp\/v2\/media?parent=2613"}],"curies":[{"name":"wp","href":"https:\/\/api.w.org\/{rel}","templated":true}]}}