{"id":2683,"date":"2021-05-03T14:48:21","date_gmt":"2021-05-03T12:48:21","guid":{"rendered":"https:\/\/www.montebre.ch\/mountain-biking\/"},"modified":"2025-05-02T10:31:08","modified_gmt":"2025-05-02T09:31:08","slug":"mountain-biking","status":"publish","type":"page","link":"https:\/\/www.montebre.ch\/fr\/mountain-biking\/","title":{"rendered":"Mountain Biking"},"content":{"rendered":"<div class=\"fusion-fullwidth fullwidth-box fusion-builder-row-1 fusion-flex-container nonhundred-percent-fullwidth non-hundred-percent-height-scrolling\" style=\"--awb-border-radius-top-left:0px;--awb-border-radius-top-right:0px;--awb-border-radius-bottom-right:0px;--awb-border-radius-bottom-left:0px;--awb-padding-right:0px;--awb-padding-left:0px;--awb-margin-bottom:70px;--awb-flex-wrap:wrap;\" ><div class=\"fusion-builder-row fusion-row fusion-flex-align-items-flex-start fusion-flex-content-wrap\" style=\"max-width:1248px;margin-left: calc(-4% \/ 2 );margin-right: calc(-4% \/ 2 );\"><div class=\"fusion-layout-column fusion_builder_column fusion-builder-column-0 fusion_builder_column_1_1 1_1 fusion-flex-column\" style=\"--awb-padding-right:50px;--awb-bg-size:cover;--awb-width-large:100%;--awb-margin-top-large:0px;--awb-spacing-right-large:1.92%;--awb-margin-bottom-large:50px;--awb-spacing-left-large:1.92%;--awb-width-medium:100%;--awb-order-medium:0;--awb-spacing-right-medium:1.92%;--awb-spacing-left-medium:1.92%;--awb-width-small:100%;--awb-order-small:0;--awb-spacing-right-small:1.92%;--awb-spacing-left-small:1.92%;\"><div class=\"fusion-column-wrapper fusion-column-has-shadow fusion-flex-justify-content-flex-start fusion-content-layout-column\"><div class=\"fusion-title title fusion-title-1 fusion-sep-none fusion-title-text fusion-title-size-one\" style=\"--awb-text-color:#212934;--awb-margin-top:-20px;--awb-margin-bottom:20px;--awb-margin-top-small:10px;--awb-margin-right-small:0px;--awb-margin-bottom-small:10px;--awb-margin-left-small:0px;--awb-font-size:60px;\"><h1 class=\"fusion-title-heading title-heading-left fusion-responsive-typography-calculated\" style=\"margin:0;font-size:1em;--fontSize:60;line-height:1;\">Mountain Biking<\/h1><\/div><div class=\"fusion-text fusion-text-1\" style=\"--awb-content-alignment:left;--awb-font-size:17px;--awb-letter-spacing:2px;--awb-text-color:#212934;\"><p>LE PLEIN D\u2019EMOTIONS SUR DEUX ROUES<\/p>\n<\/div><div class=\"fusion-text fusion-text-2\"><p>Si vous voulez vivre une aventure passionnante, explorez le Monte Br\u00e8 en v\u00e9lo. Gr\u00e2ce \u00e0 une vue incomparable sur le Golfe de Lugano et ses panoramas, le sommet est le point de d\u00e9part id\u00e9al pour des excursions en deux roues. Vous pourrez organiser rapidement vos excursions, sur des parcours adapt\u00e9s \u00e0 tous les niveaux d\u2019entra\u00eenement, en p\u00e9dalant vers les nombreuses attractions du Monte Br\u00e8.<\/p>\n<\/div><div class=\"fusion-separator fusion-full-width-sep\" style=\"align-self: center;margin-left: auto;margin-right: auto;margin-top:60px;width:100%;\"><\/div><div class=\"fusion-text fusion-text-3\" style=\"--awb-content-alignment:left;--awb-font-size:17px;--awb-letter-spacing:2px;--awb-text-color:#212934;\"><p>TRANSPORT DU VTT<\/p>\n<\/div><div class=\"fusion-text fusion-text-4\"><p>Vous pourrez transporter votre v\u00e9lo en Funiculaire, jusqu\u2019au sommet, en achetant uniquement le billet pour la mont\u00e9e. Le transport est valable uniquement sur le parcours Suvigliana-Monte Br\u00e8. L\u2019espace \u00e9tant limit\u00e9, en cas de forte affluence les passagers sans v\u00e9lo seront prioritaires.<\/p>\n<\/div><div class=\"accordian fusion-accordian\" style=\"--awb-border-size:1px;--awb-icon-size:16px;--awb-content-font-size:16px;--awb-icon-alignment:left;--awb-hover-color:#f9f9fb;--awb-border-color:#e2e2e2;--awb-background-color:#ffffff;--awb-divider-color:#e2e2e2;--awb-divider-hover-color:#e2e2e2;--awb-icon-color:#ffffff;--awb-title-color:#212934;--awb-content-color:#4a4e57;--awb-icon-box-color:#212934;--awb-toggle-hover-accent-color:#8b393f;--awb-title-font-family:&quot;Montserrat&quot;;--awb-title-font-weight:regular;--awb-title-font-style:normal;--awb-title-font-size:20px;--awb-content-font-family:&quot;Montserrat&quot;;--awb-content-font-style:normal;--awb-content-font-weight:regular;\"><div class=\"panel-group fusion-toggle-icon-boxed\" id=\"accordion-2683-1\"><div class=\"fusion-panel panel-default panel-5c023a29292e50047 fusion-toggle-no-divider fusion-toggle-boxed-mode\" style=\"--awb-title-color:#212934;--awb-content-color:#4a4e57;\"><div class=\"panel-heading\"><h4 class=\"panel-title toggle\" id=\"toggle_5c023a29292e50047\"><a aria-expanded=\"false\" aria-controls=\"5c023a29292e50047\" role=\"button\" data-toggle=\"collapse\" data-parent=\"#accordion-2683-1\" data-target=\"#5c023a29292e50047\" href=\"#5c023a29292e50047\"><span class=\"fusion-toggle-icon-wrapper\" aria-hidden=\"true\"><i class=\"fa-fusion-box active-icon awb-icon-minus\" aria-hidden=\"true\"><\/i><i class=\"fa-fusion-box inactive-icon awb-icon-plus\" aria-hidden=\"true\"><\/i><\/span><span class=\"fusion-toggle-heading\">TARIFS TRANSPORT VTT<\/span><\/a><\/h4><\/div><div id=\"5c023a29292e50047\" class=\"panel-collapse collapse \" aria-labelledby=\"toggle_5c023a29292e50047\"><div class=\"panel-body toggle-content fusion-clearfix\">\n\n<div class=\"table-2\">\n<table width=\"100%\">\n<thead>\n<tr>\n<th align=\"left\" width=\"50%\">TRANSPORT VELO + MONT\u00c9E<\/th>\n<th align=\"left\" width=\"50%\"><\/th>\n<\/tr>\n<\/thead>\n<tbody>\n<tr>\n<td align=\"left\" width=\"50%\">Adultes\u00a0 16+ ans<\/td>\n<td align=\"left\" width=\"50%\">CHF 17.00<\/td>\n<\/tr>\n<tr>\n<td align=\"left\" width=\"50%\">5-15 ans<\/td>\n<td align=\"left\" width=\"50%\">CHF 8.50<\/td>\n<\/tr>\n<tr>\n<td align=\"left\" width=\"50%\">VTT<\/td>\n<td align=\"left\" width=\"50%\">CHF 8.50<\/td>\n<\/tr>\n<\/tbody>\n<\/table>\n<\/div>\n\n<\/div><\/div><\/div><\/div><\/div><div class=\"fusion-separator fusion-full-width-sep\" style=\"align-self: center;margin-left: auto;margin-right: auto;margin-top:30px;width:100%;\"><\/div><\/div><\/div><div class=\"fusion-layout-column fusion_builder_column fusion-builder-column-1 fusion_builder_column_1_1 1_1 fusion-flex-column\" style=\"--awb-padding-right:50px;--awb-bg-size:cover;--awb-width-large:100%;--awb-margin-top-large:0px;--awb-spacing-right-large:1.92%;--awb-margin-bottom-large:50px;--awb-spacing-left-large:1.92%;--awb-width-medium:100%;--awb-order-medium:0;--awb-spacing-right-medium:1.92%;--awb-spacing-left-medium:1.92%;--awb-width-small:100%;--awb-order-small:0;--awb-spacing-right-small:1.92%;--awb-spacing-left-small:1.92%;\"><div class=\"fusion-column-wrapper fusion-column-has-shadow fusion-flex-justify-content-flex-start fusion-content-layout-column\"><div class=\"fusion-text fusion-text-5\" style=\"--awb-content-alignment:left;--awb-font-size:17px;--awb-letter-spacing:2px;--awb-text-color:#212934;\"><p><strong>LOUEZ VOTRE VTT DIRECTEMENT AU SOMMET<\/strong><\/p>\n<\/div><div class=\"fusion-text fusion-text-6\"><p>Avec le funiculaire, vous pouvez d\u00e9cider de transporter votre v\u00e9lo directement au sommet en achetant uniquement le voyage d&#8217;ascension. Le transport est valable uniquement sur l&#8217;itin\u00e9raire Suvigliana-Monte Br\u00e8. En cas de trafic important, pour des raisons d&#8217;espace, la priorit\u00e9 est donn\u00e9e aux passagers pi\u00e9tons.<\/p>\n<\/div><div style=\"text-align:left;\"><a class=\"fusion-button button-flat button-medium button-custom fusion-button-default button-1 fusion-button-default-span fusion-button-default-type\" style=\"--button_accent_color:#ffffff;--button_accent_hover_color:#ffffff;--button_border_hover_color:#ffffff;--button_gradient_top_color:#8b393f;--button_gradient_bottom_color:#8b393f;--button_gradient_top_color_hover:rgba(139,57,63,0.8);--button_gradient_bottom_color_hover:rgba(139,57,63,0.8);\" target=\"_self\" href=\"\/fr\/location-de-vtt\/\"><i class=\"fa-bicycle fas awb-button__icon awb-button__icon--default button-icon-left\" aria-hidden=\"true\"><\/i><span class=\"fusion-button-text awb-button__text awb-button__text--default\">LOUEZ VOTRE VTT<\/span><\/a><\/div><\/div><\/div><div class=\"fusion-layout-column fusion_builder_column fusion-builder-column-2 fusion_builder_column_1_1 1_1 fusion-flex-column\" style=\"--awb-bg-size:cover;--awb-width-large:100%;--awb-margin-top-large:0px;--awb-spacing-right-large:1.92%;--awb-margin-bottom-large:20px;--awb-spacing-left-large:1.92%;--awb-width-medium:100%;--awb-order-medium:0;--awb-spacing-right-medium:1.92%;--awb-spacing-left-medium:1.92%;--awb-width-small:100%;--awb-order-small:0;--awb-spacing-right-small:1.92%;--awb-spacing-left-small:1.92%;\"><div class=\"fusion-column-wrapper fusion-column-has-shadow fusion-flex-justify-content-flex-start fusion-content-layout-column\"><div class=\"fusion-text fusion-text-7\" style=\"--awb-content-alignment:left;--awb-font-size:17px;--awb-letter-spacing:2px;--awb-text-color:#212934;\"><p>ITINERAIRES VTT<\/p>\n<\/div><div class=\"fusion-blog-shortcode fusion-blog-shortcode-1 fusion-blog-archive fusion-blog-layout-grid-wrapper fusion-blog-pagination\"><style type=\"text\/css\">.fusion-blog-shortcode-1 .fusion-blog-layout-grid .fusion-post-grid{padding:20px;}.fusion-blog-shortcode-1 .fusion-posts-container{margin-left: -20px !important; margin-right:-20px !important;}<\/style><div class=\"fusion-posts-container fusion-posts-container-pagination fusion-no-meta-info fusion-blog-rollover fusion-blog-layout-grid fusion-blog-layout-grid-4 isotope fusion-blog-equal-heights\" data-pages=\"1\" data-grid-col-space=\"40\" style=\"margin: -20px -20px 0;min-height:500px;\"><article id=\"blog-1-post-2736\" class=\"fusion-post-grid post-2736 post type-post status-publish format-standard has-post-thumbnail hentry category-excursions-vtt category-vtt\">\n<div class=\"fusion-post-wrapper\" style=\"background-color:rgba(247,247,247,1);border:none;\">\n\n\t\t\t<div class=\"fusion-flexslider flexslider fusion-flexslider-loading fusion-post-slideshow\" style=\"border-color:rgba(242,243,245,0);\">\n\t\t<ul class=\"slides\">\n\t\t\t\n\t\t\t\t\t\t\t\t\t\t\t\t\t\t<li><div  class=\"fusion-image-wrapper\" aria-haspopup=\"true\">\n\t\t\t\t<img decoding=\"async\" width=\"1024\" height=\"683\" src=\"https:\/\/www.montebre.ch\/wp-content\/uploads\/2021\/05\/tappa1.jpg\" class=\"attachment-full size-full lazyload wp-post-image\" alt=\"\" srcset=\"data:image\/svg+xml,%3Csvg%20xmlns%3D%27http%3A%2F%2Fwww.w3.org%2F2000%2Fsvg%27%20width%3D%271024%27%20height%3D%27683%27%20viewBox%3D%270%200%201024%20683%27%3E%3Crect%20width%3D%271024%27%20height%3D%27683%27%20fill-opacity%3D%220%22%2F%3E%3C%2Fsvg%3E\" data-orig-src=\"https:\/\/www.montebre.ch\/wp-content\/uploads\/2021\/05\/tappa1.jpg\" data-srcset=\"https:\/\/www.montebre.ch\/wp-content\/uploads\/2021\/05\/tappa1-200x133.jpg 200w, https:\/\/www.montebre.ch\/wp-content\/uploads\/2021\/05\/tappa1-400x267.jpg 400w, https:\/\/www.montebre.ch\/wp-content\/uploads\/2021\/05\/tappa1-600x400.jpg 600w, https:\/\/www.montebre.ch\/wp-content\/uploads\/2021\/05\/tappa1-800x534.jpg 800w, https:\/\/www.montebre.ch\/wp-content\/uploads\/2021\/05\/tappa1.jpg 1024w\" data-sizes=\"auto\" \/><div class=\"fusion-rollover\">\n\t<div class=\"fusion-rollover-content\">\n\n\t\t\t\t\t\t\t\t\t\t\t\t\t\t<a class=\"fusion-rollover-link\" href=\"https:\/\/www.montebre.ch\/fr\/lugano-bike-etape-1\/\">Lugano Bike (etape 1)<\/a>\n\t\t\t\n\t\t\t\t\t\t\t\t\n\t\t\n\t\t\t\t\t\t\t\t\n\t\t\t\t\t\t\t\t\n\t\t\n\t\t\t\t\t\t<a class=\"fusion-link-wrapper\" href=\"https:\/\/www.montebre.ch\/fr\/lugano-bike-etape-1\/\" aria-label=\"Lugano Bike (etape 1)\"><\/a>\n\t<\/div>\n<\/div>\n<\/div>\n<\/li>\n\t\t\t\n\t\t\t\n\t\t\t\t\t\t\t\t\t\t\t\t\t\t\t\t\t\t\t\t\t\t\t\t\t\t\t\t\t\t\t\t\t\t\t\t\t\t\t\t\t\t\t\t\t\t\t\t\t\t\t\t\t\t\t\t\t\t\t\t\t\t\t\t\t\t\t\t<\/ul>\n\t<\/div>\n\t<div class=\"fusion-post-content-wrapper\" style=\"padding: 25px ;\"><div class=\"fusion-post-content post-content\"><h2 class=\"blog-shortcode-post-title entry-title\"><a href=\"https:\/\/www.montebre.ch\/fr\/lugano-bike-etape-1\/\">Lugano Bike (etape 1)<\/a><\/h2><\/div><\/div><div class=\"fusion-clearfix\"><\/div><\/div>\n<\/article>\n<article id=\"blog-1-post-2739\" class=\"fusion-post-grid post-2739 post type-post status-publish format-standard has-post-thumbnail hentry category-excursions-vtt category-vtt\">\n<div class=\"fusion-post-wrapper\" style=\"background-color:rgba(247,247,247,1);border:none;\">\n\n\t\t\t<div class=\"fusion-flexslider flexslider fusion-flexslider-loading fusion-post-slideshow\" style=\"border-color:rgba(242,243,245,0);\">\n\t\t<ul class=\"slides\">\n\t\t\t\n\t\t\t\t\t\t\t\t\t\t\t\t\t\t<li><div  class=\"fusion-image-wrapper\" aria-haspopup=\"true\">\n\t\t\t\t<img decoding=\"async\" width=\"1024\" height=\"683\" src=\"https:\/\/www.montebre.ch\/wp-content\/uploads\/2021\/05\/brebike.jpg\" class=\"attachment-full size-full lazyload wp-post-image\" alt=\"\" srcset=\"data:image\/svg+xml,%3Csvg%20xmlns%3D%27http%3A%2F%2Fwww.w3.org%2F2000%2Fsvg%27%20width%3D%271024%27%20height%3D%27683%27%20viewBox%3D%270%200%201024%20683%27%3E%3Crect%20width%3D%271024%27%20height%3D%27683%27%20fill-opacity%3D%220%22%2F%3E%3C%2Fsvg%3E\" data-orig-src=\"https:\/\/www.montebre.ch\/wp-content\/uploads\/2021\/05\/brebike.jpg\" data-srcset=\"https:\/\/www.montebre.ch\/wp-content\/uploads\/2021\/05\/brebike-200x133.jpg 200w, https:\/\/www.montebre.ch\/wp-content\/uploads\/2021\/05\/brebike-400x267.jpg 400w, https:\/\/www.montebre.ch\/wp-content\/uploads\/2021\/05\/brebike-600x400.jpg 600w, https:\/\/www.montebre.ch\/wp-content\/uploads\/2021\/05\/brebike-800x534.jpg 800w, https:\/\/www.montebre.ch\/wp-content\/uploads\/2021\/05\/brebike.jpg 1024w\" data-sizes=\"auto\" \/><div class=\"fusion-rollover\">\n\t<div class=\"fusion-rollover-content\">\n\n\t\t\t\t\t\t\t\t\t\t\t\t\t\t<a class=\"fusion-rollover-link\" href=\"https:\/\/www.montebre.ch\/fr\/bre-bike\/\">Br\u00e8 Bike<\/a>\n\t\t\t\n\t\t\t\t\t\t\t\t\n\t\t\n\t\t\t\t\t\t\t\t\n\t\t\t\t\t\t\t\t\n\t\t\n\t\t\t\t\t\t<a class=\"fusion-link-wrapper\" href=\"https:\/\/www.montebre.ch\/fr\/bre-bike\/\" aria-label=\"Br\u00e8 Bike\"><\/a>\n\t<\/div>\n<\/div>\n<\/div>\n<\/li>\n\t\t\t\n\t\t\t\n\t\t\t\t\t\t\t\t\t\t\t\t\t\t\t\t\t\t\t\t\t\t\t\t\t\t\t\t\t\t\t\t\t\t\t\t\t\t\t\t\t\t\t\t\t\t\t\t\t\t\t\t\t\t\t\t\t\t\t\t\t\t\t\t\t\t\t\t<\/ul>\n\t<\/div>\n\t<div class=\"fusion-post-content-wrapper\" style=\"padding: 25px ;\"><div class=\"fusion-post-content post-content\"><h2 class=\"blog-shortcode-post-title entry-title\"><a href=\"https:\/\/www.montebre.ch\/fr\/bre-bike\/\">Br\u00e8 Bike<\/a><\/h2><\/div><\/div><div class=\"fusion-clearfix\"><\/div><\/div>\n<\/article>\n<article id=\"blog-1-post-2745\" class=\"fusion-post-grid post-2745 post type-post status-publish format-standard has-post-thumbnail hentry category-excursions-vtt category-vtt\">\n<div class=\"fusion-post-wrapper\" style=\"background-color:rgba(247,247,247,1);border:none;\">\n\n\t\t\t<div class=\"fusion-flexslider flexslider fusion-flexslider-loading fusion-post-slideshow\" style=\"border-color:rgba(242,243,245,0);\">\n\t\t<ul class=\"slides\">\n\t\t\t\n\t\t\t\t\t\t\t\t\t\t\t\t\t\t<li><div  class=\"fusion-image-wrapper\" aria-haspopup=\"true\">\n\t\t\t\t<img decoding=\"async\" width=\"1024\" height=\"683\" src=\"https:\/\/www.montebre.ch\/wp-content\/uploads\/2021\/05\/bike1.jpg\" class=\"attachment-full size-full lazyload wp-post-image\" alt=\"\" srcset=\"data:image\/svg+xml,%3Csvg%20xmlns%3D%27http%3A%2F%2Fwww.w3.org%2F2000%2Fsvg%27%20width%3D%271024%27%20height%3D%27683%27%20viewBox%3D%270%200%201024%20683%27%3E%3Crect%20width%3D%271024%27%20height%3D%27683%27%20fill-opacity%3D%220%22%2F%3E%3C%2Fsvg%3E\" data-orig-src=\"https:\/\/www.montebre.ch\/wp-content\/uploads\/2021\/05\/bike1.jpg\" data-srcset=\"https:\/\/www.montebre.ch\/wp-content\/uploads\/2021\/05\/bike1-200x133.jpg 200w, https:\/\/www.montebre.ch\/wp-content\/uploads\/2021\/05\/bike1-400x267.jpg 400w, https:\/\/www.montebre.ch\/wp-content\/uploads\/2021\/05\/bike1-600x400.jpg 600w, https:\/\/www.montebre.ch\/wp-content\/uploads\/2021\/05\/bike1-800x534.jpg 800w, https:\/\/www.montebre.ch\/wp-content\/uploads\/2021\/05\/bike1.jpg 1024w\" data-sizes=\"auto\" \/><div class=\"fusion-rollover\">\n\t<div class=\"fusion-rollover-content\">\n\n\t\t\t\t\t\t\t\t\t\t\t\t\t\t<a class=\"fusion-rollover-link\" href=\"https:\/\/www.montebre.ch\/fr\/le-monte-bre-en-vtt\/\">Le Monte Br\u00e8 En VTT<\/a>\n\t\t\t\n\t\t\t\t\t\t\t\t\n\t\t\n\t\t\t\t\t\t\t\t\n\t\t\t\t\t\t\t\t\n\t\t\n\t\t\t\t\t\t<a class=\"fusion-link-wrapper\" href=\"https:\/\/www.montebre.ch\/fr\/le-monte-bre-en-vtt\/\" aria-label=\"Le Monte Br\u00e8 En VTT\"><\/a>\n\t<\/div>\n<\/div>\n<\/div>\n<\/li>\n\t\t\t\n\t\t\t\n\t\t\t\t\t\t\t\t\t\t\t\t\t\t\t\t\t\t\t\t\t\t\t\t\t\t\t\t\t\t\t\t\t\t\t\t\t\t\t\t\t\t\t\t\t\t\t\t\t\t\t\t\t\t\t\t\t\t\t\t\t\t\t\t\t\t\t\t<\/ul>\n\t<\/div>\n\t<div class=\"fusion-post-content-wrapper\" style=\"padding: 25px ;\"><div class=\"fusion-post-content post-content\"><h2 class=\"blog-shortcode-post-title entry-title\"><a href=\"https:\/\/www.montebre.ch\/fr\/le-monte-bre-en-vtt\/\">Le Monte Br\u00e8 En VTT<\/a><\/h2><\/div><\/div><div class=\"fusion-clearfix\"><\/div><\/div>\n<\/article>\n<article id=\"blog-1-post-2751\" class=\"fusion-post-grid post-2751 post type-post status-publish format-standard has-post-thumbnail hentry category-excursions-vtt category-vtt\">\n<div class=\"fusion-post-wrapper\" style=\"background-color:rgba(247,247,247,1);border:none;\">\n\n\t\t\t<div class=\"fusion-flexslider flexslider fusion-flexslider-loading fusion-post-slideshow\" style=\"border-color:rgba(242,243,245,0);\">\n\t\t<ul class=\"slides\">\n\t\t\t\n\t\t\t\t\t\t\t\t\t\t\t\t\t\t<li><div  class=\"fusion-image-wrapper\" aria-haspopup=\"true\">\n\t\t\t\t<img decoding=\"async\" width=\"1024\" height=\"683\" src=\"https:\/\/www.montebre.ch\/wp-content\/uploads\/2021\/05\/preferisco.jpg\" class=\"attachment-full size-full lazyload wp-post-image\" alt=\"\" srcset=\"data:image\/svg+xml,%3Csvg%20xmlns%3D%27http%3A%2F%2Fwww.w3.org%2F2000%2Fsvg%27%20width%3D%271024%27%20height%3D%27683%27%20viewBox%3D%270%200%201024%20683%27%3E%3Crect%20width%3D%271024%27%20height%3D%27683%27%20fill-opacity%3D%220%22%2F%3E%3C%2Fsvg%3E\" data-orig-src=\"https:\/\/www.montebre.ch\/wp-content\/uploads\/2021\/05\/preferisco.jpg\" data-srcset=\"https:\/\/www.montebre.ch\/wp-content\/uploads\/2021\/05\/preferisco-200x133.jpg 200w, https:\/\/www.montebre.ch\/wp-content\/uploads\/2021\/05\/preferisco-400x267.jpg 400w, https:\/\/www.montebre.ch\/wp-content\/uploads\/2021\/05\/preferisco-600x400.jpg 600w, https:\/\/www.montebre.ch\/wp-content\/uploads\/2021\/05\/preferisco-800x534.jpg 800w, https:\/\/www.montebre.ch\/wp-content\/uploads\/2021\/05\/preferisco.jpg 1024w\" data-sizes=\"auto\" \/><div class=\"fusion-rollover\">\n\t<div class=\"fusion-rollover-content\">\n\n\t\t\t\t\t\t\t\t\t\t\t\t\t\t<a class=\"fusion-rollover-link\" href=\"https:\/\/www.montebre.ch\/fr\/ma-descente-preferee\/\">Ma descente prefer\u00e9e<\/a>\n\t\t\t\n\t\t\t\t\t\t\t\t\n\t\t\n\t\t\t\t\t\t\t\t\n\t\t\t\t\t\t\t\t\n\t\t\n\t\t\t\t\t\t<a class=\"fusion-link-wrapper\" href=\"https:\/\/www.montebre.ch\/fr\/ma-descente-preferee\/\" aria-label=\"Ma descente prefer\u00e9e\"><\/a>\n\t<\/div>\n<\/div>\n<\/div>\n<\/li>\n\t\t\t\n\t\t\t\n\t\t\t\t\t\t\t\t\t\t\t\t\t\t\t\t\t\t\t\t\t\t\t\t\t\t\t\t\t\t\t\t\t\t\t\t\t\t\t\t\t\t\t\t\t\t\t\t\t\t\t\t\t\t\t\t\t\t\t\t\t\t\t\t\t\t\t\t<\/ul>\n\t<\/div>\n\t<div class=\"fusion-post-content-wrapper\" style=\"padding: 25px ;\"><div class=\"fusion-post-content post-content\"><h2 class=\"blog-shortcode-post-title entry-title\"><a href=\"https:\/\/www.montebre.ch\/fr\/ma-descente-preferee\/\">Ma descente prefer\u00e9e<\/a><\/h2><\/div><\/div><div class=\"fusion-clearfix\"><\/div><\/div>\n<\/article>\n<div class=\"fusion-clearfix\"><\/div><\/div><\/div><div class=\"fusion-separator fusion-full-width-sep\" style=\"align-self: center;margin-left: auto;margin-right: auto;margin-top:70px;width:100%;\"><\/div><\/div><\/div><\/div><\/div>\n","protected":false},"excerpt":{"rendered":"","protected":false},"author":1,"featured_media":3578,"parent":0,"menu_order":0,"comment_status":"closed","ping_status":"closed","template":"","meta":{"footnotes":""},"class_list":["post-2683","page","type-page","status-publish","has-post-thumbnail","hentry"],"_links":{"self":[{"href":"https:\/\/www.montebre.ch\/fr\/wp-json\/wp\/v2\/pages\/2683","targetHints":{"allow":["GET"]}}],"collection":[{"href":"https:\/\/www.montebre.ch\/fr\/wp-json\/wp\/v2\/pages"}],"about":[{"href":"https:\/\/www.montebre.ch\/fr\/wp-json\/wp\/v2\/types\/page"}],"author":[{"embeddable":true,"href":"https:\/\/www.montebre.ch\/fr\/wp-json\/wp\/v2\/users\/1"}],"replies":[{"embeddable":true,"href":"https:\/\/www.montebre.ch\/fr\/wp-json\/wp\/v2\/comments?post=2683"}],"version-history":[{"count":7,"href":"https:\/\/www.montebre.ch\/fr\/wp-json\/wp\/v2\/pages\/2683\/revisions"}],"predecessor-version":[{"id":10134,"href":"https:\/\/www.montebre.ch\/fr\/wp-json\/wp\/v2\/pages\/2683\/revisions\/10134"}],"wp:featuredmedia":[{"embeddable":true,"href":"https:\/\/www.montebre.ch\/fr\/wp-json\/wp\/v2\/media\/3578"}],"wp:attachment":[{"href":"https:\/\/www.montebre.ch\/fr\/wp-json\/wp\/v2\/media?parent=2683"}],"curies":[{"name":"wp","href":"https:\/\/api.w.org\/{rel}","templated":true}]}}