{"id":4530,"date":"2021-06-21T14:42:49","date_gmt":"2021-06-21T12:42:49","guid":{"rendered":"https:\/\/fmb.jethosting.ch\/impressum\/"},"modified":"2021-06-21T14:47:52","modified_gmt":"2021-06-21T12:47:52","slug":"impressum","status":"publish","type":"page","link":"https:\/\/www.montebre.ch\/fr\/impressum\/","title":{"rendered":"Impressum"},"content":{"rendered":"<div class=\"fusion-fullwidth fullwidth-box fusion-builder-row-1 fusion-flex-container nonhundred-percent-fullwidth non-hundred-percent-height-scrolling\" style=\"--awb-border-radius-top-left:0px;--awb-border-radius-top-right:0px;--awb-border-radius-bottom-right:0px;--awb-border-radius-bottom-left:0px;--awb-padding-right:20px;--awb-padding-bottom:90px;--awb-padding-left:0px;--awb-flex-wrap:wrap;\" ><div class=\"fusion-builder-row fusion-row fusion-flex-align-items-flex-start fusion-flex-content-wrap\" style=\"max-width:1248px;margin-left: calc(-4% \/ 2 );margin-right: calc(-4% \/ 2 );\"><div class=\"fusion-layout-column fusion_builder_column fusion-builder-column-0 fusion_builder_column_1_1 1_1 fusion-flex-column\" style=\"--awb-bg-size:cover;--awb-width-large:100%;--awb-margin-top-large:0px;--awb-spacing-right-large:1.92%;--awb-margin-bottom-large:20px;--awb-spacing-left-large:1.92%;--awb-width-medium:100%;--awb-order-medium:0;--awb-spacing-right-medium:1.92%;--awb-spacing-left-medium:1.92%;--awb-width-small:100%;--awb-order-small:0;--awb-spacing-right-small:1.92%;--awb-spacing-left-small:1.92%;\"><div class=\"fusion-column-wrapper fusion-column-has-shadow fusion-flex-justify-content-flex-start fusion-content-layout-column\"><div class=\"fusion-text fusion-text-1\"><h1>Impressum<\/h1>\n<p>Societ\u00e0 Funicolare Cassarate-Monte Br\u00e8 SA<br \/>\nVia Ceresio di Suvigliana 36<br \/>\n6977 Ruvigliana<\/p>\n<p>Dir. <strong><a href=\"tel:0041588667395\">+41 (0)58 866 73 95<\/a><\/strong><br \/>\nFax +41 (0)91 972 37 48<br \/>\n<a href=\"mailto:info@montebre.ch\"><strong>info@montebre.ch<\/strong><\/a><\/p>\n<div class=\"fusion-separator fusion-full-width-sep\" style=\"align-self: center;margin-left: auto;margin-right: auto;margin-top:50px;width:100%;\"><\/div>\n<p><strong>DIRITTO D&#8217;AUTORE (COPYRIGHT)<br \/>\n<\/strong>Il diritto d&#8217;autore su tutti i contenuti di questo sito web \u00e8 di propriet\u00e0 di Societ\u00e0 Funicolare Cassarate-Monte Br\u00e8 SA.<\/p>\n<div class=\"fusion-separator fusion-full-width-sep\" style=\"align-self: center;margin-left: auto;margin-right: auto;margin-top:50px;width:100%;\"><\/div>\n<p><strong>AUTORI DELLE FOTOGRAFIE<br \/>\n<\/strong>Milo Zanecchia<br \/>\nEnrico Boggia<br \/>\nLuganoRegion (Ente Turistico Luganese)<\/p>\n<div class=\"fusion-separator fusion-full-width-sep\" style=\"align-self: center;margin-left: auto;margin-right: auto;margin-top:50px;width:100%;\"><\/div>\n<p><strong>WEBSITE CONCEPT, DESIGN &amp; DEVELOPMENT<br \/>\n<\/strong>Idealab Communication SA, 6934 Bioggio<\/p>\n<div class=\"fusion-separator fusion-full-width-sep\" style=\"align-self: center;margin-left: auto;margin-right: auto;margin-top:50px;width:100%;\"><\/div>\n<p><strong>ESCLUSIONE DI RESPONSABILIT\u00c0<br \/>\n<\/strong>Dal profilo del contenuto del sito web, tutti i testi e i link sono stati accuratamente verificati e vengono costantemente aggiornati. Il nostro impegno \u00e8 di mettere a disposizione informazioni corrette e complete; tuttavia, non ci assumiamo alcuna responsabilit\u00e0 n\u00e9 possiamo fornire alcuna garanzia in merito alla correttezza, alla completezza \/ all&#8217;aggiornamento di dette informazioni.<\/p>\n<p>Ci riserviamo il diritto di modificare le informazioni presenti su questo sito in qualsiasi momento e senza preavviso n\u00e9 alcun vincolo od obbligo ad aggiornare le informazioni ivi contenute. Tutti i link a fornitori esterni sono stati verificati al momento del loro inserimento e tuttavia decliniamo qualunque responsabilit\u00e0 riguardo ai contenuti e alla disponibilit\u00e0 di siti web accessibili tramite collegamenti ipertestuali (hyperlink). Per eventuali contenuti illegali, inesatti o incompleti e in particolare per eventuali danni causati dai contenuti delle pagine collegate risponde esclusivamente il fornitore della pagina cui viene fatto riferimento. A tale proposito, si prescinde dal fatto che il danno sia di natura diretta, indiretta o finanziaria ovvero che il danno si verifichi a seguito di perdita di dati, perdita d&#8217;utilizzo o altri motivi di qualsivoglia natura.<\/p>\n<\/div><div class=\"fusion-separator fusion-full-width-sep\" style=\"align-self: center;margin-left: auto;margin-right: auto;margin-top:50px;width:100%;\"><\/div><div class=\"fusion-text fusion-text-2\"><p><em>Ultimo aggiornamento:<\/em><br \/>\n<em>18 giugno 2021<\/em><\/p>\n<\/div><\/div><\/div><\/div><\/div>\n","protected":false},"excerpt":{"rendered":"","protected":false},"author":1,"featured_media":3915,"parent":0,"menu_order":0,"comment_status":"closed","ping_status":"closed","template":"100-width.php","meta":{"footnotes":""},"class_list":["post-4530","page","type-page","status-publish","has-post-thumbnail","hentry"],"_links":{"self":[{"href":"https:\/\/www.montebre.ch\/fr\/wp-json\/wp\/v2\/pages\/4530","targetHints":{"allow":["GET"]}}],"collection":[{"href":"https:\/\/www.montebre.ch\/fr\/wp-json\/wp\/v2\/pages"}],"about":[{"href":"https:\/\/www.montebre.ch\/fr\/wp-json\/wp\/v2\/types\/page"}],"author":[{"embeddable":true,"href":"https:\/\/www.montebre.ch\/fr\/wp-json\/wp\/v2\/users\/1"}],"replies":[{"embeddable":true,"href":"https:\/\/www.montebre.ch\/fr\/wp-json\/wp\/v2\/comments?post=4530"}],"version-history":[{"count":1,"href":"https:\/\/www.montebre.ch\/fr\/wp-json\/wp\/v2\/pages\/4530\/revisions"}],"predecessor-version":[{"id":4533,"href":"https:\/\/www.montebre.ch\/fr\/wp-json\/wp\/v2\/pages\/4530\/revisions\/4533"}],"wp:featuredmedia":[{"embeddable":true,"href":"https:\/\/www.montebre.ch\/fr\/wp-json\/wp\/v2\/media\/3915"}],"wp:attachment":[{"href":"https:\/\/www.montebre.ch\/fr\/wp-json\/wp\/v2\/media?parent=4530"}],"curies":[{"name":"wp","href":"https:\/\/api.w.org\/{rel}","templated":true}]}}