{"id":7946,"date":"2023-07-24T15:13:04","date_gmt":"2023-07-24T13:13:04","guid":{"rendered":"https:\/\/www.montebre.ch\/cookie-policy\/"},"modified":"2023-07-24T16:02:51","modified_gmt":"2023-07-24T14:02:51","slug":"cookie-policy","status":"publish","type":"page","link":"https:\/\/www.montebre.ch\/fr\/cookie-policy\/","title":{"rendered":"Cookie Policy"},"content":{"rendered":"<div class=\"fusion-fullwidth fullwidth-box fusion-builder-row-1 fusion-flex-container nonhundred-percent-fullwidth non-hundred-percent-height-scrolling\" style=\"--awb-border-radius-top-left:0px;--awb-border-radius-top-right:0px;--awb-border-radius-bottom-right:0px;--awb-border-radius-bottom-left:0px;--awb-flex-wrap:wrap;\" ><div class=\"fusion-builder-row fusion-row fusion-flex-align-items-flex-start fusion-flex-content-wrap\" style=\"max-width:1248px;margin-left: calc(-4% \/ 2 );margin-right: calc(-4% \/ 2 );\"><div class=\"fusion-layout-column fusion_builder_column fusion-builder-column-0 fusion_builder_column_1_1 1_1 fusion-flex-column\" style=\"--awb-bg-size:cover;--awb-width-large:100%;--awb-margin-top-large:0px;--awb-spacing-right-large:1.92%;--awb-margin-bottom-large:0px;--awb-spacing-left-large:1.92%;--awb-width-medium:100%;--awb-spacing-right-medium:1.92%;--awb-spacing-left-medium:1.92%;--awb-width-small:100%;--awb-spacing-right-small:1.92%;--awb-spacing-left-small:1.92%;\"><div class=\"fusion-column-wrapper fusion-flex-justify-content-flex-start fusion-content-layout-column\"><div class=\"fusion-text fusion-text-1\"><h2>Politique en mati\u00e8re de cookies<br \/>\nwww.montebre.ch<\/h2>\n<p>Ce site Web utilise des cookies. Nous utilisons les cookies pour personnaliser le contenu et les publicit\u00e9s, pour fournir des fonctionnalit\u00e9s de m\u00e9dias sociaux et analyser notre trafic. Nous partageons \u00e9galement des informations sur la fa\u00e7on dont vous utilisez notre site avec nos partenaires d&#8217;analyse Web, de publicit\u00e9 et de m\u00e9dias sociaux qui peuvent les combiner avec d&#8217;autres informations que vous leur avez fournies ou qu&#8217;ils ont collect\u00e9es \u00e0 partir de votre utilisation de leurs services.<\/p>\n<p>Cette politique en mati\u00e8re de cookies est li\u00e9e \u00e0 la Politique de confidentialit\u00e9 de notre site Web, qui peut \u00eatre consult\u00e9e ici : <a href=\"https:\/\/www.montebre.ch\/fr\/privacy-policy\/\" target=\"_blank\" rel=\"noopener\"><strong>www.montebre.ch\/fr\/privacy-policy\/<\/strong><\/a><\/p>\n<p><strong>1. <\/strong><strong>QU&#8217;EST-CE QUE LES COOKIES? | COOKIES DE CE SITE | CONSENTEMENT<\/strong><\/p>\n<p>Les cookies sont de petits fichiers texte que les sites visit\u00e9s par les utilisateurs envoient \u00e0 leurs ordinateurs, o\u00f9 ils sont stock\u00e9s et ensuite retransmis aux m\u00eames sites lors de la visite suivante. Les cookies sont utilis\u00e9s \u00e0 des fins diff\u00e9rentes, ont des caract\u00e9ristiques diff\u00e9rentes et peuvent \u00eatre utilis\u00e9s par le propri\u00e9taire du site que vous visitez, ou par des tiers. Pour plus d&#8217;informations sur les cookies utilis\u00e9s par ce site web, veuillez consulter le site web suivant: \u00a0<a href=\"https:\/\/allaboutcookies.org\/\" target=\"_blank\" rel=\"noopener\"><strong>www.allaboutcookies.org<\/strong><\/a>.<\/p>\n<p>Vous trouverez ci-dessous toutes les informations sur les cookies install\u00e9s par ce site et les informations n\u00e9cessaires pour g\u00e9rer vos pr\u00e9f\u00e9rences en mati\u00e8re de cookies.<\/p>\n<p>La loi stipule que nous ne pouvons stocker des cookies sur votre appareil que s\u2019ils sont strictement n\u00e9cessaires au fonctionnement de ce site. Pour installer tous les autres types de cookies et pour traiter les donn\u00e9es \u00e0 caract\u00e8re personnel collect\u00e9es par les cookies, nous avons besoin de votre consentement. Veuillez noter que si vous l&#8217;avez fourni, votre consentement s&#8217;applique au domaine suivant:\u00a0<strong><a href=\"https:\/\/www.montebre.ch\/fr\/\" target=\"_blank\" rel=\"noopener\">www.montebre.ch<\/a><\/strong><\/p>\n<p>Enfin, la fermeture de la banni\u00e8re web (gr\u00e2ce au \u2018X\u2019 dans le coin sup\u00e9rieur droit de la page) a pour effet de conserver vos param\u00e8tres par d\u00e9faut et donc la continuation de la navigation en l\u2019absence de cookies ou d\u2019autres instruments de tra\u00e7age autres que ceux techniques<\/p>\n<p><strong>2. EXEMPLES DE TECHNOLOGIES SIMILAIRES<br \/>\n<\/strong>En plus des cookies, nous utilisons d&#8217;autres technologies similaires telles que:<\/p>\n<p><strong>Stockage web local (Local Storage)<br \/>\n<\/strong>Le stockage web local est une technologie utilis\u00e9e pour optimiser la navigation, qui ne collecte pas de donn\u00e9es sur les pr\u00e9f\u00e9rences des utilisateurs (par exemple, il stocke un code qui identifie la session de l&#8217;utilisateur apr\u00e8s la connexion), de cette fa\u00e7on, l&#8217;utilisateur ne doit pas saisir son nom d&#8217;utilisateur et son mot de passe sur chaque page de profil lorsqu&#8217;il acc\u00e8de \u00e0 des zones restreintes.<\/p>\n<p><strong>Pixels de tracking<br \/>\n<\/strong>\u00c9galement appel\u00e9 \u201cCode de tra\u00e7age&#8221; ou &#8220;code de suivi\u201d, le pixel de tracking est un petit morceau de code qui est lib\u00e9r\u00e9 par certains sites afin d&#8217;\u00eatre impl\u00e9ment\u00e9 dans d&#8217;autres pour suivre certaines donn\u00e9es relatives \u00e0 l&#8217;utilisateur et \u00e0 sa session de navigation. Les donn\u00e9es qui sont suivies peuvent \u00eatre aussi diverses que le jour et l&#8217;heure, l&#8217;emplacement g\u00e9ographique et le type de dispositif utilis\u00e9 pour la navigation, et les pixels les plus complexes peuvent m\u00eame suivre la somme d\u00e9pens\u00e9e pour un bon de commande et d&#8217;autres informations utiles pour les d\u00e9partements marketing des entreprises qui les utilisent.<\/p>\n<p><strong>Plugin (plugiciel)<br \/>\n<\/strong>Un plugin (ou plugiciel) est un programme ou fichier informatique qui apporte une nouvelle fonctionnalit\u00e9 \u00e0 un autre programme. Les plugins les plus utilis\u00e9s sont ceux des r\u00e9seaux sociaux qui permettent \u00e0 l&#8217;utilisateur de suivre une page ou un profil social en un seul clic, d&#8217;indiquer en un clic qu&#8217;il a aim\u00e9 un contenu web et de le partager sur son profil de r\u00e9seau social, etc.<\/p>\n<p><strong>Widget<br \/>\n<\/strong>Un widget est un composant d&#8217;interface graphique, un \u00e9l\u00e9ment de base d&#8217;une interface graphique avec lequel un utilisateur peut interagir (par exemple une fen\u00eatre ou une zone de texte). Les widgets les plus utilis\u00e9s sont ceux des r\u00e9seaux sociaux, qui permettent aux utilisateurs d&#8217;ouvrir facilement les r\u00e9seaux sociaux dans une fen\u00eatre s\u00e9par\u00e9e du navigateur.<\/p>\n<p>Ces services permettent des interactions avec les r\u00e9seaux sociaux, ou d&#8217;autres plateformes externes, directement \u00e0 partir des pages d&#8217;un site. Les interactions et les informations qui peuvent \u00eatre acquises par le site sont soumises aux param\u00e8tres de confidentialit\u00e9 de la tierce partie qui a cr\u00e9\u00e9 les technologies susmentionn\u00e9es. Pour des informations d\u00e9taill\u00e9es sur l&#8217;utilisation des donn\u00e9es \u00e0 caract\u00e8re personnel trait\u00e9es lorsque vous utilisez ces technologies, veuillez consulter les sites web des op\u00e9rateurs tiers de ces technologies (car ces informations vous sont dues en vertu de l&#8217;article 13 de la Loi f\u00e9d\u00e9rale sur la protection des donn\u00e9es \u00e0 caract\u00e8re personnel).<\/p>\n<p><strong>3. IDENTIT\u00c9 ET COORDONN\u00c9ES DU RESPONSABLE DU TRAITEMENT DES DONN\u00c9ES<br \/>\n<\/strong>Le responsable du traitement des donn\u00e9es, qui d\u00e9termine les finalit\u00e9s et les moyens du traitement des donn\u00e9es \u00e0 caract\u00e8re personnel, est <strong>Societ\u00e0 Funicolare Cassarate-Monte Br\u00e8 SA, <\/strong>soci\u00e9t\u00e9 de droit suisse dont le si\u00e8ge est \u00e0 Ruvigliana (6977), Via Ceresio di Suvigliana 36, num\u00e9ro d&#8217;identification des entreprises (IDE) CH-514.3.001.415-4\u00a0 (ci-apr\u00e8s d\u00e9nomm\u00e9e &#8220;Responsable du traitement des donn\u00e9es&#8221; ou &#8221; Soci\u00e9t\u00e9 &#8221; ou &#8221; nous &#8220;).<\/p>\n<p>Le responsable du traitement des donn\u00e9es peut \u00eatre contact\u00e9 par mail \u00e0 l&#8217;adresse suivante: <a href=\"mailto:info@montebre.ch\" target=\"_blank\" rel=\"noopener\"><strong>info@montebre.ch<\/strong><\/a><\/p>\n<p><strong>4. GESTION DES COOKIES<br \/>\n<\/strong>Nous vous rappelons que vous pouvez \u00e9galement g\u00e9rer vos pr\u00e9f\u00e9rences en mati\u00e8re de cookies via votre navigateur.<\/p>\n<p>Si vous ne connaissez pas le type et la version du navigateur que vous utilisez, cliquez sur \u00ab Aide \u00bb dans la fen\u00eatre du navigateur en haut, depuis laquelle vous pourrez acc\u00e9der \u00e0 toutes les informations n\u00e9cessaires Si vous connaissez votre navigateur, cliquez sur celui concern\u00e9 pour acc\u00e9der \u00e0 la page de gestion des cookies.\u00a0 Vous pouvez trouver dans les liens suivants des informations sur la gestion des cookies dans certains des navigateurs les plus populaires.<\/p>\n<p>Mozilla Firefox<br \/>\n<a href=\"https:\/\/support.mozilla.org\/fr\/kb\/cookies-informations-sites-enregistrent\" target=\"_blank\" rel=\"noopener\"><strong>https:\/\/support.mozilla.org\/fr\/kb\/cookies-informations-sites-enregistrent<\/strong><\/a><\/p>\n<p>Google Chrome<br \/>\n<a href=\"https:\/\/support.google.com\/chrome\/answer\/95647?hl=fr\" target=\"_blank\" rel=\"noopener\"><strong>https:\/\/support.google.com\/chrome\/answer\/95647?hl=fr<\/strong><\/a><\/p>\n<p>Internet Explorer\/Microsoft Edge<br \/>\n<a href=\"https:\/\/support.microsoft.com\/fr-fr\/windows\/supprimer-et-g%C3%A9rer-les-cookies-168dab11-0753-043d-7c16-ede5947fc64d\" target=\"_blank\" rel=\"noopener\"><strong>https:\/\/support.microsoft.com\/fr-fr\/windows\/supprimer-et-g%C3%A9rer-les-cookies-168dab11-0753-043d-7c16-ede5947fc64d<\/strong><\/a><\/p>\n<p>Safari<br \/>\n<a href=\"https:\/\/support.apple.com\/fr-fr\/guide\/safari\/sfri11471\/mac\" target=\"_blank\" rel=\"noopener\"><strong>https:\/\/support.apple.com\/fr-fr\/guide\/safari\/sfri11471\/mac<\/strong><\/a><\/p>\n<p>Safari sur iPhone, iPad ou iPod touch<br \/>\n<a href=\"https:\/\/support.apple.com\/fr-fr\/HT201265\" target=\"_blank\" rel=\"noopener\"><strong>https:\/\/support.apple.com\/fr-fr\/HT201265<\/strong><\/a><\/p>\n<p><strong>5. <\/strong><strong>INFORMATIONS SUPPL\u00c9MENTAIRES | CHANGEMENTS | MISES \u00c0 JOUR<br \/>\n<\/strong>Le Responsable du traitement se r\u00e9serve le droit, \u00e0 sa propre discr\u00e9tion et \u00e0 tout moment, de r\u00e9viser, de mettre \u00e0 jour, d\u2019ajouter ou de supprimer des \u00e9l\u00e9ments pr\u00e9sents dans cette politique de confidentialit\u00e9. En cas de changement, la date de mise \u00e0 jour sera indiqu\u00e9e.<\/p>\n<p><strong>Mis \u00e0 jour le:<\/strong> 11.07.2023<\/p>\n<h2>Cookiebot Cookie Policy<\/h2>\n<\/div><script id=\"CookieDeclaration\" data-culture=\"fr\" src=\"https:\/\/consent.cookiebot.com\/51a706ab-5312-45da-89f7-7ef612f0229e\/cd.js\" type=\"text\/javascript\" async><\/script><div class=\"fusion-separator fusion-full-width-sep\" style=\"align-self: center;margin-left: auto;margin-right: auto;margin-top:100px;width:100%;\"><\/div><\/div><\/div><\/div><\/div>\n","protected":false},"excerpt":{"rendered":"","protected":false},"author":1,"featured_media":7132,"parent":0,"menu_order":0,"comment_status":"closed","ping_status":"closed","template":"","meta":{"footnotes":""},"class_list":["post-7946","page","type-page","status-publish","has-post-thumbnail","hentry"],"_links":{"self":[{"href":"https:\/\/www.montebre.ch\/fr\/wp-json\/wp\/v2\/pages\/7946","targetHints":{"allow":["GET"]}}],"collection":[{"href":"https:\/\/www.montebre.ch\/fr\/wp-json\/wp\/v2\/pages"}],"about":[{"href":"https:\/\/www.montebre.ch\/fr\/wp-json\/wp\/v2\/types\/page"}],"author":[{"embeddable":true,"href":"https:\/\/www.montebre.ch\/fr\/wp-json\/wp\/v2\/users\/1"}],"replies":[{"embeddable":true,"href":"https:\/\/www.montebre.ch\/fr\/wp-json\/wp\/v2\/comments?post=7946"}],"version-history":[{"count":6,"href":"https:\/\/www.montebre.ch\/fr\/wp-json\/wp\/v2\/pages\/7946\/revisions"}],"predecessor-version":[{"id":7983,"href":"https:\/\/www.montebre.ch\/fr\/wp-json\/wp\/v2\/pages\/7946\/revisions\/7983"}],"wp:featuredmedia":[{"embeddable":true,"href":"https:\/\/www.montebre.ch\/fr\/wp-json\/wp\/v2\/media\/7132"}],"wp:attachment":[{"href":"https:\/\/www.montebre.ch\/fr\/wp-json\/wp\/v2\/media?parent=7946"}],"curies":[{"name":"wp","href":"https:\/\/api.w.org\/{rel}","templated":true}]}}